{"id":131,"date":"2017-12-26T21:04:43","date_gmt":"2017-12-26T21:04:43","guid":{"rendered":"http:\/\/illumowedding.com\/?page_id=131"},"modified":"2020-06-03T22:01:56","modified_gmt":"2020-06-03T21:01:56","slug":"about-us","status":"publish","type":"page","link":"http:\/\/illumowedding.com\/vi\/contact","title":{"rendered":"V\u1ec1 ch\u00fang t\u00f4i"},"content":{"rendered":"<div class=\"wpb-content-wrapper\"><div class=\"vc_row wpb_row vc_row-fluid\" ><div class=\"wpb_column vc_column_container vc_col-sm-12\"><div class=\"vc_column-inner\"><div class=\"wpb_wrapper\">\n\t<div class=\"wpb_text_column wpb_content_element\" >\n\t\t<div class=\"wpb_wrapper\">\n\t\t\t<p>Ch\u00fang t\u00f4i l\u00e0 \u0111\u1ed9i ng\u0169 chuy\u00ean nghi\u1ec7p c\u1ee7a c\u00e1c nh\u00e0 ho\u1ea1ch \u0111\u1ecbnh \u0111\u00e1m c\u01b0\u1edbi, trang tr\u00ed, nhi\u1ebfp \u1ea3nh gia v\u00e0 quay phim c\u00f3 tr\u1ee5 s\u1edf t\u1ea1i Amsterdam, H\u00e0 Lan. Ch\u00fang t\u00f4i t\u1ed5 ch\u1ee9c \u0111\u00e1m c\u01b0\u1edbi v\u00e0 s\u1ef1 ki\u1ec7n tr\u00ean kh\u1eafp ch\u00e2u \u00c2u v\u00e0 th\u1eadm ch\u00ed c\u1ea3 \u0111\u00e1m c\u01b0\u1edbi gataway \u1edf v\u00f9ng nhi\u1ec7t \u0111\u1edbi &amp; #8211; Th\u00e1i Lan, Bali, \u00dac. Xin \u0111\u1eebng ng\u1ea7n ng\u1ea1i li\u00ean h\u1ec7 v\u1edbi ch\u00fang t\u00f4i v\u1edbi nhi\u1ec1u c\u00e2u h\u1ecfi h\u01a1n) \u1ede \u0111\u00e2y b\u00ean d\u01b0\u1edbi b\u1ea1n c\u00f3 th\u1ec3 xem c\u00e1c t\u00e1c ph\u1ea9m m\u1edbi nh\u1ea5t c\u1ee7a ch\u00fang t\u00f4i tr\u00ean instagram.<\/p>\n\n\t\t<\/div>\n\t<\/div>\n<\/div><\/div><\/div><\/div><div class=\"eltdf-row-grid-section-wrapper\"  style=\"background-image: url(https:\/\/illumowedding.com\/wp-content\/uploads\/2019\/11\/imagelana-photographer-in-amsterdam-2706-2.jpg)\"><div class=\"eltdf-row-grid-section\"><div class=\"vc_row wpb_row vc_row-fluid vc_custom_1576251416906 vc_row-has-fill\" ><div class=\"wpb_column vc_column_container vc_col-sm-12\"><div class=\"vc_column-inner\"><div class=\"wpb_wrapper\"><div class=\"vc_row wpb_row vc_inner vc_row-fluid vc_custom_1576251266910\" style=\"background-color:#ffffff\"><div class=\"wpb_column vc_column_container vc_col-sm-12\"><div class=\"vc_column-inner\"><div class=\"wpb_wrapper\"><div class=\"eltdf-section-title-holder\" style=\"text-align: center\">\n\t<div class=\"eltdf-st-inner\">\n\t\t\t\t\t\t\t<h1 class=\"eltdf-st-title\" style=\"color: #4d504a\">\n\t\t\t\tli\u00ean l\u1ea1c\t\t\t\t\t\t\t<\/h1>\n\t\t\t\t\t\t\t<h3  class=\"eltdf-st-subtitle\" style=\"text-transform: none;font-style: italic;color: #84847c\">\n\t\t\t\t<span>\n\t\t\t\t\tAlienum phaedrum torquatos neceu\t\t\t\t\t\t\t\t\t<\/span>\n\t\t\t<\/h3>\n\t\t\t\t\t\t\t<\/div>\n<\/div><\/div><\/div><\/div><\/div><div class=\"vc_row wpb_row vc_inner vc_row-fluid vc_custom_1576250714007\" style=\"background-color:#ffffff\"><div class=\"wpb_column vc_column_container vc_col-sm-2\"><div class=\"vc_column-inner\"><div class=\"wpb_wrapper\"><\/div><\/div><\/div><div class=\"wpb_column vc_column_container vc_col-sm-8\"><div class=\"vc_column-inner\"><div class=\"wpb_wrapper\">\n<div class=\"wpcf7 no-js\" id=\"wpcf7-f4056-o1\" lang=\"en-US\" dir=\"ltr\" data-wpcf7-id=\"4056\">\n<div class=\"screen-reader-response\"><p role=\"status\" aria-live=\"polite\" aria-atomic=\"true\"><\/p> <ul><\/ul><\/div>\n<form action=\"\/vi\/wp-json\/wp\/v2\/pages\/131#wpcf7-f4056-o1\" method=\"post\" class=\"wpcf7-form init cf7_custom_style_3\" aria-label=\"Contact form\" novalidate=\"novalidate\" data-status=\"init\" data-trp-original-action=\"\/vi\/wp-json\/wp\/v2\/pages\/131#wpcf7-f4056-o1\">\n<div style=\"display: none;\">\n<input type=\"hidden\" name=\"_wpcf7\" value=\"4056\" \/>\n<input type=\"hidden\" name=\"_wpcf7_version\" value=\"6.0.3\" \/>\n<input type=\"hidden\" name=\"_wpcf7_locale\" value=\"en_US\" \/>\n<input type=\"hidden\" name=\"_wpcf7_unit_tag\" value=\"wpcf7-f4056-o1\" \/>\n<input type=\"hidden\" name=\"_wpcf7_container_post\" value=\"0\" \/>\n<input type=\"hidden\" name=\"_wpcf7_posted_data_hash\" value=\"\" \/>\n<\/div>\n<p><label> T\u00ean c\u1ee7a b\u1ea1n (b\u1eaft bu\u1ed9c)<br \/>\n<span class=\"wpcf7-form-control-wrap\" data-name=\"your-name\"><input size=\"40\" maxlength=\"400\" class=\"wpcf7-form-control wpcf7-text wpcf7-validates-as-required\" aria-required=\"true\" aria-invalid=\"false\" value=\"\" type=\"text\" name=\"your-name\" \/><\/span> <\/label>\n<\/p>\n<p><label> Email c\u1ee7a b\u1ea1n (b\u1eaft bu\u1ed9c)<br \/>\n<span class=\"wpcf7-form-control-wrap\" data-name=\"your-email\"><input size=\"40\" maxlength=\"400\" class=\"wpcf7-form-control wpcf7-email wpcf7-validates-as-required wpcf7-text wpcf7-validates-as-email\" aria-required=\"true\" aria-invalid=\"false\" value=\"\" type=\"email\" name=\"your-email\" \/><\/span> <\/label>\n<\/p>\n<p><label> M\u00f4n h\u1ecdc<br \/>\n<span class=\"wpcf7-form-control-wrap\" data-name=\"your-subject\"><input size=\"40\" maxlength=\"400\" class=\"wpcf7-form-control wpcf7-text\" aria-invalid=\"false\" value=\"\" type=\"text\" name=\"your-subject\" \/><\/span> <\/label>\n<\/p>\n<p><label> Tin nh\u1eafn c\u1ee7a b\u1ea1n<br \/>\n<span class=\"wpcf7-form-control-wrap\" data-name=\"your-message\"><textarea cols=\"40\" rows=\"10\" maxlength=\"2000\" class=\"wpcf7-form-control wpcf7-textarea\" aria-invalid=\"false\" name=\"your-message\"><\/textarea><\/span> <\/label>\n<\/p>\n<p><button class=\"wpcf7-form-control wpcf7-submit eltdf-btn eltdf-btn-large eltdf-btn-solid\" type=\"submit\"><span class=\"eltdf-btn-text\">G\u1eedi<\/span><\/button>\n<\/p><p style=\"display: none !important;\" class=\"akismet-fields-container\" data-prefix=\"_wpcf7_ak_\"><label>&#916;<textarea name=\"_wpcf7_ak_hp_textarea\" cols=\"45\" rows=\"8\" maxlength=\"100\"><\/textarea><\/label><input type=\"hidden\" id=\"ak_js_1\" name=\"_wpcf7_ak_js\" value=\"249\"\/><script>document.getElementById( \"ak_js_1\" ).setAttribute( \"value\", ( new Date() ).getTime() );<\/script><\/p><div class=\"wpcf7-response-output\" aria-hidden=\"true\"><\/div>\n<input type=\"hidden\" name=\"trp-form-language\" value=\"vi\"\/><\/form>\n<\/div>\n<\/div><\/div><\/div><div class=\"wpb_column vc_column_container vc_col-sm-2\"><div class=\"vc_column-inner\"><div class=\"wpb_wrapper\"><\/div><\/div><\/div><\/div><\/div><\/div><\/div><\/div><\/div><\/div><div class=\"eltdf-row-grid-section-wrapper eltdf-content-aligment-center\"  ><div class=\"eltdf-row-grid-section\"><div class=\"vc_row wpb_row vc_row-fluid vc_custom_1575466354479\" ><div class=\"wpb_column vc_column_container vc_col-sm-6 vc_col-lg-3 vc_col-md-6 vc_col-xs-12\"><div class=\"vc_column-inner\"><div class=\"wpb_wrapper\"><div class=\"eltdf-section-title-holder\" style=\"text-align: center\">\n\t<div class=\"eltdf-st-inner\">\n\t\t\t\t\t\t\t<h3 class=\"eltdf-st-title\" style=\"color: #4d504a\">\n\t\t\t\tE-mail\t\t\t\t\t\t\t<\/h3>\n\t\t\t\t\t\t\t<p  class=\"eltdf-st-subtitle\" style=\"text-transform: none;color: #72726c\">\n\t\t\t\t<span>\n\t\t\t\t\tSolene@qodeinteractive.com\t\t\t\t\t\t\t\t\t\t\t<a class=\"eltdf-st-subtitle-link\" href=\"mailto:Solene@qodeinteractive.com\" target=\"_blank\"><\/a>\n\t\t\t\t\t\t\t\t\t<\/span>\n\t\t\t<\/p>\n\t\t\t\t\t\t\t<\/div>\n<\/div><div class=\"vc_empty_space\"   style=\"height: 32px\"><span class=\"vc_empty_space_inner\"><\/span><\/div><\/div><\/div><\/div><div class=\"wpb_column vc_column_container vc_col-sm-6 vc_col-lg-3 vc_col-md-6 vc_col-xs-12\"><div class=\"vc_column-inner\"><div class=\"wpb_wrapper\"><div class=\"eltdf-section-title-holder\" style=\"text-align: center\">\n\t<div class=\"eltdf-st-inner\">\n\t\t\t\t\t\t\t<h3 class=\"eltdf-st-title\" style=\"color: #4d504a\">\n\t\t\t\t\u0110\u1ecba ch\u1ec9\t\t\t\t\t\t\t<\/h3>\n\t\t\t\t\t\t\t<p  class=\"eltdf-st-subtitle\" style=\"text-transform: none;color: #72726c\">\n\t\t\t\t<span>\n\t\t\t\t\tMiami, Florida\t\t\t\t\t\t\t\t\t\t\t<a class=\"eltdf-st-subtitle-link\" href=\"https:\/\/www.google.com\/maps\/place\/Uniqlo+Soho\/@40.7190772,-74.001693,16z\/data=!4m13!1m7!3m6!1s0x89c24fa5d33f083b:0xc80b8f06e177fe62!2sNew+York,+NY,+USA!3b1!8m2!3d40.7127753!4d-74.0059728!3m4!1s0x89c2598edb6242d3:0x4ae291a9ff31e800!8m2!3d40.7234983!4d-73.9982012\" target=\"_blank\"><\/a>\n\t\t\t\t\t\t\t\t\t<\/span>\n\t\t\t<\/p>\n\t\t\t\t\t\t\t<\/div>\n<\/div><div class=\"vc_empty_space\"   style=\"height: 32px\"><span class=\"vc_empty_space_inner\"><\/span><\/div><\/div><\/div><\/div><div class=\"wpb_column vc_column_container vc_col-sm-6 vc_col-lg-3 vc_col-md-6 vc_col-xs-12\"><div class=\"vc_column-inner\"><div class=\"wpb_wrapper\"><div class=\"eltdf-section-title-holder\" style=\"text-align: center\">\n\t<div class=\"eltdf-st-inner\">\n\t\t\t\t\t\t\t<h3 class=\"eltdf-st-title\" style=\"color: #4d504a\">\n\t\t\t\tgo\u0323i cho t\u00f4i\t\t\t\t\t\t\t<\/h3>\n\t\t\t\t\t\t\t<p  class=\"eltdf-st-subtitle\" style=\"text-transform: none;color: #72726c\">\n\t\t\t\t<span>\n\t\t\t\t\t+(123) 456 - 7890 - 456 - 78\t\t\t\t\t\t\t\t\t\t\t<a class=\"eltdf-st-subtitle-link\" href=\"tel:123456789045678\" target=\"_self\"><\/a>\n\t\t\t\t\t\t\t\t\t<\/span>\n\t\t\t<\/p>\n\t\t\t\t\t\t\t<\/div>\n<\/div><div class=\"vc_empty_space\"   style=\"height: 32px\"><span class=\"vc_empty_space_inner\"><\/span><\/div><\/div><\/div><\/div><div class=\"wpb_column vc_column_container vc_col-sm-6 vc_col-lg-3 vc_col-md-6 vc_col-xs-12\"><div class=\"vc_column-inner\"><div class=\"wpb_wrapper\"><div class=\"eltdf-section-title-holder\" style=\"text-align: center\">\n\t<div class=\"eltdf-st-inner\">\n\t\t\t\t\t\t\t<h3 class=\"eltdf-st-title\" style=\"color: #4d504a\">\n\t\t\t\ttheo\t\t\t\t\t\t\t<\/h3>\n\t\t\t\t\t\t\t<p  class=\"eltdf-st-subtitle\" style=\"text-transform: none;color: #72726c\">\n\t\t\t\t<span>\n\t\t\t\t\t@ Ng\u00e0y c\u01b0\u1edbi c\u1ee7a t\u00f4i\t\t\t\t\t\t\t\t\t\t\t<a class=\"eltdf-st-subtitle-link\" href=\"https:\/\/www.instagram.com\/qodeinteractive\/\" target=\"_blank\"><\/a>\n\t\t\t\t\t\t\t\t\t<\/span>\n\t\t\t<\/p>\n\t\t\t\t\t\t\t<\/div>\n<\/div><div class=\"vc_empty_space\"   style=\"height: 32px\"><span class=\"vc_empty_space_inner\"><\/span><\/div><\/div><\/div><\/div><\/div><\/div><\/div><div class=\"eltdf-row-grid-section-wrapper eltdf-content-aligment-center\"  style=\"background-image: url(https:\/\/illumowedding.com\/wp-content\/uploads\/2019\/11\/imagelana-photographer-in-amsterdam-2668-2.jpg);background-position: center\"><div class=\"eltdf-row-grid-section\"><div class=\"vc_row wpb_row vc_row-fluid vc_custom_1576251554568\" ><div class=\"wpb_column vc_column_container vc_col-sm-12\"><div class=\"vc_column-inner\"><div class=\"wpb_wrapper\"><div class=\"eltdf-section-title-holder\" >\n\t<div class=\"eltdf-st-inner\">\n\t\t\t\t\t\t\t<h2 class=\"eltdf-st-title\" >\n\t\t\t\tTheo d\u00f5i t\u00f4i tr\u00ean Instagram\t\t\t\t\t\t\t<\/h2>\n\t\t\t\t\t\t\t<h3  class=\"eltdf-st-subtitle\" style=\"text-transform: none;font-style: italic;color: #84847c\">\n\t\t\t\t<span>\n\t\t\t\t\t@illumowpping\t\t\t\t\t\t\t\t\t<\/span>\n\t\t\t<\/h3>\n\t\t\t\t\t\t\t<\/div>\n<\/div><\/div><\/div><\/div><\/div><\/div><\/div><div class=\"vc_row wpb_row vc_row-fluid\" ><div class=\"wpb_column vc_column_container vc_col-sm-12\"><div class=\"vc_column-inner\"><div class=\"wpb_wrapper\"><div class=\"eltdf-elements-holder   eltdf-one-column  eltdf-responsive-mode-768\" ><div class=\"eltdf-eh-item\"  data-item-class=\"eltdf-eh-custom-8705\">\n\t<div class=\"eltdf-eh-item-inner\">\n\t\t<div class=\"eltdf-eh-item-content eltdf-eh-custom-8705\" style=\"padding: 0 9.5%\">\n\t\t\t<div class=\"eltdf-instagram-list-holder eltdf-grid-list eltdf-six-columns eltdf-large-space\" >\n            <div class=\"eltdf-instagram-not-connected\">\n            N\u00f3 c\u00f3 \u0111\u01b0\u1eddng n\u1ed1i m\u00e0 b\u1ea1n ch\u01b0a k\u1ebft n\u1ed1i v\u1edbi t\u00e0i kho\u1ea3n Instagram c\u1ee7a m\u00ecnh        <\/div>\n    <\/div>\t\t<\/div>\n\t<\/div>\n<\/div><\/div><\/div><\/div><\/div><\/div>\n<\/div>","protected":false},"excerpt":{"rendered":"We are professional team of wedding planners, decorators, photographers and videographers based in Amsterdam, Netherlands. We organise weddings and events all around the Europe and even gataway weddings in tropics - Thailand, Bali, Australia. Please don't hesitate to contact us [...]","protected":false},"author":1,"featured_media":0,"parent":0,"menu_order":0,"comment_status":"closed","ping_status":"closed","template":"","meta":{"pgc_meta":"","sfsi_plus_gutenberg_text_before_share":"","sfsi_plus_gutenberg_show_text_before_share":"","sfsi_plus_gutenberg_icon_type":"","sfsi_plus_gutenberg_icon_alignemt":"","sfsi_plus_gutenburg_max_per_row":"","footnotes":""},"class_list":["post-131","page","type-page","status-publish","hentry"],"pgc_meta":"","yoast_head":"<!-- This site is optimized with the Yoast SEO plugin v24.4 - https:\/\/yoast.com\/wordpress\/plugins\/seo\/ -->\n<title>About us &#8226; Wedding photographer and photoshoot in Amsterdam, Europe, Italy, Netherlands, France, Switzerland[:ru]\u0421\u0432\u0430\u0434\u044c\u0431\u0430 \u0438 \u0444\u043e\u0442\u043e\u0433\u0440\u0430\u0444 \u0432 \u0415\u0432\u0440\u043e\u043f\u0435, \u0418\u0442\u0430\u043b\u0438\u0438, \u0413\u043e\u043b\u043b\u0430\u043d\u0434\u0438\u0438, \u0424\u0440\u0430\u043d\u0446\u0438\u0438, \u0428\u0432\u0435\u0439\u0446\u0430\u0440\u0438\u0438<\/title>\n<meta name=\"robots\" content=\"index, follow, max-snippet:-1, max-image-preview:large, max-video-preview:-1\" \/>\n<link rel=\"canonical\" href=\"https:\/\/illumowedding.com\/vi\/contact\/\" \/>\n<meta property=\"og:locale\" content=\"vi_VN\" \/>\n<meta property=\"og:type\" content=\"article\" \/>\n<meta property=\"og:title\" content=\"About us &#8226; Wedding photographer and photoshoot in Amsterdam, Europe, Italy, Netherlands, France, Switzerland[:ru]\u0421\u0432\u0430\u0434\u044c\u0431\u0430 \u0438 \u0444\u043e\u0442\u043e\u0433\u0440\u0430\u0444 \u0432 \u0415\u0432\u0440\u043e\u043f\u0435, \u0418\u0442\u0430\u043b\u0438\u0438, \u0413\u043e\u043b\u043b\u0430\u043d\u0434\u0438\u0438, \u0424\u0440\u0430\u043d\u0446\u0438\u0438, \u0428\u0432\u0435\u0439\u0446\u0430\u0440\u0438\u0438\" \/>\n<meta property=\"og:url\" content=\"https:\/\/illumowedding.com\/vi\/contact\/\" \/>\n<meta property=\"og:site_name\" content=\"Wedding photographer and photoshoot in Amsterdam, Europe, Italy, Netherlands, France, Switzerland[:ru]\u0421\u0432\u0430\u0434\u044c\u0431\u0430 \u0438 \u0444\u043e\u0442\u043e\u0433\u0440\u0430\u0444 \u0432 \u0415\u0432\u0440\u043e\u043f\u0435, \u0418\u0442\u0430\u043b\u0438\u0438, \u0413\u043e\u043b\u043b\u0430\u043d\u0434\u0438\u0438, \u0424\u0440\u0430\u043d\u0446\u0438\u0438, \u0428\u0432\u0435\u0439\u0446\u0430\u0440\u0438\u0438\" \/>\n<meta property=\"article:publisher\" content=\"https:\/\/www.facebook.com\/weddingphotoeurope\/\" \/>\n<meta property=\"article:modified_time\" content=\"2020-06-03T21:01:56+00:00\" \/>\n<meta name=\"twitter:card\" content=\"summary_large_image\" \/>\n<meta name=\"twitter:label1\" content=\"\u01af\u1edbc t\u00ednh th\u1eddi gian \u0111\u1ecdc\" \/>\n\t<meta name=\"twitter:data1\" content=\"4 ph\u00fat\" \/>\n<script type=\"application\/ld+json\" class=\"yoast-schema-graph\">{\"@context\":\"https:\/\/schema.org\",\"@graph\":[{\"@type\":\"WebPage\",\"@id\":\"https:\/\/illumowedding.com\/contact\/\",\"url\":\"https:\/\/illumowedding.com\/contact\/\",\"name\":\"About us &#8226; Wedding photographer and photoshoot in Amsterdam, Europe, Italy, Netherlands, France, Switzerland[:ru]\u0421\u0432\u0430\u0434\u044c\u0431\u0430 \u0438 \u0444\u043e\u0442\u043e\u0433\u0440\u0430\u0444 \u0432 \u0415\u0432\u0440\u043e\u043f\u0435, \u0418\u0442\u0430\u043b\u0438\u0438, \u0413\u043e\u043b\u043b\u0430\u043d\u0434\u0438\u0438, \u0424\u0440\u0430\u043d\u0446\u0438\u0438, \u0428\u0432\u0435\u0439\u0446\u0430\u0440\u0438\u0438\",\"isPartOf\":{\"@id\":\"https:\/\/illumowedding.com\/#website\"},\"datePublished\":\"2017-12-26T21:04:43+00:00\",\"dateModified\":\"2020-06-03T21:01:56+00:00\",\"breadcrumb\":{\"@id\":\"https:\/\/illumowedding.com\/contact\/#breadcrumb\"},\"inLanguage\":\"vi\",\"potentialAction\":[{\"@type\":\"ReadAction\",\"target\":[\"https:\/\/illumowedding.com\/contact\/\"]}]},{\"@type\":\"BreadcrumbList\",\"@id\":\"https:\/\/illumowedding.com\/contact\/#breadcrumb\",\"itemListElement\":[{\"@type\":\"ListItem\",\"position\":1,\"name\":\"Home\",\"item\":\"https:\/\/illumowedding.com\/\"},{\"@type\":\"ListItem\",\"position\":2,\"name\":\"About us\"}]},{\"@type\":\"WebSite\",\"@id\":\"https:\/\/illumowedding.com\/#website\",\"url\":\"https:\/\/illumowedding.com\/\",\"name\":\"Wedding photographer and photoshoot in Amsterdam, Europe, Italy, Netherlands, France, Switzerland[:ru]\u0421\u0432\u0430\u0434\u044c\u0431\u0430 \u0438 \u0444\u043e\u0442\u043e\u0433\u0440\u0430\u0444 \u0432 \u0415\u0432\u0440\u043e\u043f\u0435, \u0418\u0442\u0430\u043b\u0438\u0438, \u0413\u043e\u043b\u043b\u0430\u043d\u0434\u0438\u0438, \u0424\u0440\u0430\u043d\u0446\u0438\u0438, \u0428\u0432\u0435\u0439\u0446\u0430\u0440\u0438\u0438\",\"description\":\"Wedding photographer and photoshoot in Europe, Italy, Netherlands, Amsterdam, France, Switzerland[:ru]\u0421\u0432\u0430\u0434\u044c\u0431\u0430 \u0438 \u0444\u043e\u0442\u043e\u0433\u0440\u0430\u0444 \u0432 \u0415\u0432\u0440\u043e\u043f\u0435, \u0418\u0442\u0430\u043b\u0438\u0438, \u0413\u043e\u043b\u043b\u0430\u043d\u0434\u0438\u0438, \u0424\u0440\u0430\u043d\u0446\u0438\u0438, \u0428\u0432\u0435\u0439\u0446\u0430\u0440\u0438\u0438\",\"publisher\":{\"@id\":\"https:\/\/illumowedding.com\/#organization\"},\"potentialAction\":[{\"@type\":\"SearchAction\",\"target\":{\"@type\":\"EntryPoint\",\"urlTemplate\":\"https:\/\/illumowedding.com\/?s={search_term_string}\"},\"query-input\":{\"@type\":\"PropertyValueSpecification\",\"valueRequired\":true,\"valueName\":\"search_term_string\"}}],\"inLanguage\":\"vi\"},{\"@type\":\"Organization\",\"@id\":\"https:\/\/illumowedding.com\/#organization\",\"name\":\"ILLUMO WEDDING\",\"url\":\"https:\/\/illumowedding.com\/\",\"logo\":{\"@type\":\"ImageObject\",\"inLanguage\":\"vi\",\"@id\":\"https:\/\/illumowedding.com\/#\/schema\/logo\/image\/\",\"url\":\"https:\/\/illumowedding.com\/wp-content\/uploads\/2018\/01\/logo-bannersite6-dark-1.png\",\"contentUrl\":\"https:\/\/illumowedding.com\/wp-content\/uploads\/2018\/01\/logo-bannersite6-dark-1.png\",\"width\":500,\"height\":191,\"caption\":\"ILLUMO WEDDING\"},\"image\":{\"@id\":\"https:\/\/illumowedding.com\/#\/schema\/logo\/image\/\"},\"sameAs\":[\"https:\/\/www.facebook.com\/weddingphotoeurope\/\",\"https:\/\/www.instagram.com\/illumowedding\",\"https:\/\/www.pinterest.com\/illumowedding\"]}]}<\/script>\n<!-- \/ Yoast SEO plugin. -->","yoast_head_json":{"title":"About us &#8226; Wedding photographer and photoshoot in Amsterdam, Europe, Italy, Netherlands, France, Switzerland[:ru]\u0421\u0432\u0430\u0434\u044c\u0431\u0430 \u0438 \u0444\u043e\u0442\u043e\u0433\u0440\u0430\u0444 \u0432 \u0415\u0432\u0440\u043e\u043f\u0435, \u0418\u0442\u0430\u043b\u0438\u0438, \u0413\u043e\u043b\u043b\u0430\u043d\u0434\u0438\u0438, \u0424\u0440\u0430\u043d\u0446\u0438\u0438, \u0428\u0432\u0435\u0439\u0446\u0430\u0440\u0438\u0438","robots":{"index":"index","follow":"follow","max-snippet":"max-snippet:-1","max-image-preview":"max-image-preview:large","max-video-preview":"max-video-preview:-1"},"canonical":"https:\/\/illumowedding.com\/vi\/contact\/","og_locale":"vi_VN","og_type":"article","og_title":"About us &#8226; Wedding photographer and photoshoot in Amsterdam, Europe, Italy, Netherlands, France, Switzerland[:ru]\u0421\u0432\u0430\u0434\u044c\u0431\u0430 \u0438 \u0444\u043e\u0442\u043e\u0433\u0440\u0430\u0444 \u0432 \u0415\u0432\u0440\u043e\u043f\u0435, \u0418\u0442\u0430\u043b\u0438\u0438, \u0413\u043e\u043b\u043b\u0430\u043d\u0434\u0438\u0438, \u0424\u0440\u0430\u043d\u0446\u0438\u0438, \u0428\u0432\u0435\u0439\u0446\u0430\u0440\u0438\u0438","og_url":"https:\/\/illumowedding.com\/vi\/contact\/","og_site_name":"Wedding photographer and photoshoot in Amsterdam, Europe, Italy, Netherlands, France, Switzerland[:ru]\u0421\u0432\u0430\u0434\u044c\u0431\u0430 \u0438 \u0444\u043e\u0442\u043e\u0433\u0440\u0430\u0444 \u0432 \u0415\u0432\u0440\u043e\u043f\u0435, \u0418\u0442\u0430\u043b\u0438\u0438, \u0413\u043e\u043b\u043b\u0430\u043d\u0434\u0438\u0438, \u0424\u0440\u0430\u043d\u0446\u0438\u0438, \u0428\u0432\u0435\u0439\u0446\u0430\u0440\u0438\u0438","article_publisher":"https:\/\/www.facebook.com\/weddingphotoeurope\/","article_modified_time":"2020-06-03T21:01:56+00:00","twitter_card":"summary_large_image","twitter_misc":{"\u01af\u1edbc t\u00ednh th\u1eddi gian \u0111\u1ecdc":"4 ph\u00fat"},"schema":{"@context":"https:\/\/schema.org","@graph":[{"@type":"WebPage","@id":"https:\/\/illumowedding.com\/contact\/","url":"https:\/\/illumowedding.com\/contact\/","name":"About us &#8226; Wedding photographer and photoshoot in Amsterdam, Europe, Italy, Netherlands, France, Switzerland[:ru]\u0421\u0432\u0430\u0434\u044c\u0431\u0430 \u0438 \u0444\u043e\u0442\u043e\u0433\u0440\u0430\u0444 \u0432 \u0415\u0432\u0440\u043e\u043f\u0435, \u0418\u0442\u0430\u043b\u0438\u0438, \u0413\u043e\u043b\u043b\u0430\u043d\u0434\u0438\u0438, \u0424\u0440\u0430\u043d\u0446\u0438\u0438, \u0428\u0432\u0435\u0439\u0446\u0430\u0440\u0438\u0438","isPartOf":{"@id":"https:\/\/illumowedding.com\/#website"},"datePublished":"2017-12-26T21:04:43+00:00","dateModified":"2020-06-03T21:01:56+00:00","breadcrumb":{"@id":"https:\/\/illumowedding.com\/contact\/#breadcrumb"},"inLanguage":"vi","potentialAction":[{"@type":"ReadAction","target":["https:\/\/illumowedding.com\/contact\/"]}]},{"@type":"BreadcrumbList","@id":"https:\/\/illumowedding.com\/contact\/#breadcrumb","itemListElement":[{"@type":"ListItem","position":1,"name":"Home","item":"https:\/\/illumowedding.com\/"},{"@type":"ListItem","position":2,"name":"About us"}]},{"@type":"WebSite","@id":"https:\/\/illumowedding.com\/#website","url":"https:\/\/illumowedding.com\/","name":"Wedding photographer and photoshoot in Amsterdam, Europe, Italy, Netherlands, France, Switzerland[:ru]\u0421\u0432\u0430\u0434\u044c\u0431\u0430 \u0438 \u0444\u043e\u0442\u043e\u0433\u0440\u0430\u0444 \u0432 \u0415\u0432\u0440\u043e\u043f\u0435, \u0418\u0442\u0430\u043b\u0438\u0438, \u0413\u043e\u043b\u043b\u0430\u043d\u0434\u0438\u0438, \u0424\u0440\u0430\u043d\u0446\u0438\u0438, \u0428\u0432\u0435\u0439\u0446\u0430\u0440\u0438\u0438","description":"Wedding photographer and photoshoot in Europe, Italy, Netherlands, Amsterdam, France, Switzerland[:ru]\u0421\u0432\u0430\u0434\u044c\u0431\u0430 \u0438 \u0444\u043e\u0442\u043e\u0433\u0440\u0430\u0444 \u0432 \u0415\u0432\u0440\u043e\u043f\u0435, \u0418\u0442\u0430\u043b\u0438\u0438, \u0413\u043e\u043b\u043b\u0430\u043d\u0434\u0438\u0438, \u0424\u0440\u0430\u043d\u0446\u0438\u0438, \u0428\u0432\u0435\u0439\u0446\u0430\u0440\u0438\u0438","publisher":{"@id":"https:\/\/illumowedding.com\/#organization"},"potentialAction":[{"@type":"SearchAction","target":{"@type":"EntryPoint","urlTemplate":"https:\/\/illumowedding.com\/?s={search_term_string}"},"query-input":{"@type":"PropertyValueSpecification","valueRequired":true,"valueName":"search_term_string"}}],"inLanguage":"vi"},{"@type":"Organization","@id":"https:\/\/illumowedding.com\/#organization","name":"ILLUMO WEDDING","url":"https:\/\/illumowedding.com\/","logo":{"@type":"ImageObject","inLanguage":"vi","@id":"https:\/\/illumowedding.com\/#\/schema\/logo\/image\/","url":"https:\/\/illumowedding.com\/wp-content\/uploads\/2018\/01\/logo-bannersite6-dark-1.png","contentUrl":"https:\/\/illumowedding.com\/wp-content\/uploads\/2018\/01\/logo-bannersite6-dark-1.png","width":500,"height":191,"caption":"ILLUMO WEDDING"},"image":{"@id":"https:\/\/illumowedding.com\/#\/schema\/logo\/image\/"},"sameAs":["https:\/\/www.facebook.com\/weddingphotoeurope\/","https:\/\/www.instagram.com\/illumowedding","https:\/\/www.pinterest.com\/illumowedding"]}]}},"_links":{"self":[{"href":"http:\/\/illumowedding.com\/vi\/wp-json\/wp\/v2\/pages\/131","targetHints":{"allow":["GET"]}}],"collection":[{"href":"http:\/\/illumowedding.com\/vi\/wp-json\/wp\/v2\/pages"}],"about":[{"href":"http:\/\/illumowedding.com\/vi\/wp-json\/wp\/v2\/types\/page"}],"author":[{"embeddable":true,"href":"http:\/\/illumowedding.com\/vi\/wp-json\/wp\/v2\/users\/1"}],"replies":[{"embeddable":true,"href":"http:\/\/illumowedding.com\/vi\/wp-json\/wp\/v2\/comments?post=131"}],"version-history":[{"count":7,"href":"http:\/\/illumowedding.com\/vi\/wp-json\/wp\/v2\/pages\/131\/revisions"}],"predecessor-version":[{"id":4060,"href":"http:\/\/illumowedding.com\/vi\/wp-json\/wp\/v2\/pages\/131\/revisions\/4060"}],"wp:attachment":[{"href":"http:\/\/illumowedding.com\/vi\/wp-json\/wp\/v2\/media?parent=131"}],"curies":[{"name":"wp","href":"https:\/\/api.w.org\/{rel}","templated":true}]}}